{"id":6875,"date":"2022-02-09T12:27:04","date_gmt":"2022-02-09T11:27:04","guid":{"rendered":"https:\/\/www.marjanka.at\/der-verein\/presse-medienarbeit\/"},"modified":"2024-09-27T10:51:00","modified_gmt":"2024-09-27T08:51:00","slug":"media","status":"publish","type":"page","link":"https:\/\/www.marjanka.at\/sk\/organizacia\/media\/","title":{"rendered":"Tla\u010d a m\u00e9di\u00e1"},"content":{"rendered":"","protected":false},"excerpt":{"rendered":"","protected":false},"author":3,"featured_media":0,"parent":6842,"menu_order":160,"comment_status":"closed","ping_status":"closed","template":"","meta":{"_acf_changed":false,"footnotes":""},"class_list":["post-6875","page","type-page","status-publish","hentry"],"acf":[],"_links":{"self":[{"href":"https:\/\/www.marjanka.at\/sk\/wp-json\/wp\/v2\/pages\/6875","targetHints":{"allow":["GET"]}}],"collection":[{"href":"https:\/\/www.marjanka.at\/sk\/wp-json\/wp\/v2\/pages"}],"about":[{"href":"https:\/\/www.marjanka.at\/sk\/wp-json\/wp\/v2\/types\/page"}],"author":[{"embeddable":true,"href":"https:\/\/www.marjanka.at\/sk\/wp-json\/wp\/v2\/users\/3"}],"replies":[{"embeddable":true,"href":"https:\/\/www.marjanka.at\/sk\/wp-json\/wp\/v2\/comments?post=6875"}],"version-history":[{"count":6,"href":"https:\/\/www.marjanka.at\/sk\/wp-json\/wp\/v2\/pages\/6875\/revisions"}],"predecessor-version":[{"id":22321,"href":"https:\/\/www.marjanka.at\/sk\/wp-json\/wp\/v2\/pages\/6875\/revisions\/22321"}],"up":[{"embeddable":true,"href":"https:\/\/www.marjanka.at\/sk\/wp-json\/wp\/v2\/pages\/6842"}],"wp:attachment":[{"href":"https:\/\/www.marjanka.at\/sk\/wp-json\/wp\/v2\/media?parent=6875"}],"curies":[{"name":"wp","href":"https:\/\/api.w.org\/{rel}","templated":true}]}}