{"id":6851,"date":"2021-10-07T06:48:41","date_gmt":"2021-10-07T04:48:41","guid":{"rendered":"https:\/\/www.marjanka.at\/der-verein\/struktur-organe-vorstand\/"},"modified":"2025-10-29T11:01:09","modified_gmt":"2025-10-29T10:01:09","slug":"struktur-organe-vorstand","status":"publish","type":"page","link":"https:\/\/www.marjanka.at\/sk\/organizacia\/struktur-organe-vorstand\/","title":{"rendered":"\u0160trukt\u00fara, org\u00e1ny, v\u00fdbor"},"content":{"rendered":"","protected":false},"excerpt":{"rendered":"","protected":false},"author":1,"featured_media":0,"parent":6842,"menu_order":110,"comment_status":"closed","ping_status":"closed","template":"","meta":{"_acf_changed":false,"footnotes":""},"class_list":["post-6851","page","type-page","status-publish","hentry"],"acf":[],"_links":{"self":[{"href":"https:\/\/www.marjanka.at\/sk\/wp-json\/wp\/v2\/pages\/6851","targetHints":{"allow":["GET"]}}],"collection":[{"href":"https:\/\/www.marjanka.at\/sk\/wp-json\/wp\/v2\/pages"}],"about":[{"href":"https:\/\/www.marjanka.at\/sk\/wp-json\/wp\/v2\/types\/page"}],"author":[{"embeddable":true,"href":"https:\/\/www.marjanka.at\/sk\/wp-json\/wp\/v2\/users\/1"}],"replies":[{"embeddable":true,"href":"https:\/\/www.marjanka.at\/sk\/wp-json\/wp\/v2\/comments?post=6851"}],"version-history":[{"count":12,"href":"https:\/\/www.marjanka.at\/sk\/wp-json\/wp\/v2\/pages\/6851\/revisions"}],"predecessor-version":[{"id":28746,"href":"https:\/\/www.marjanka.at\/sk\/wp-json\/wp\/v2\/pages\/6851\/revisions\/28746"}],"up":[{"embeddable":true,"href":"https:\/\/www.marjanka.at\/sk\/wp-json\/wp\/v2\/pages\/6842"}],"wp:attachment":[{"href":"https:\/\/www.marjanka.at\/sk\/wp-json\/wp\/v2\/media?parent=6851"}],"curies":[{"name":"wp","href":"https:\/\/api.w.org\/{rel}","templated":true}]}}