{"id":24497,"date":"2025-02-03T14:23:07","date_gmt":"2025-02-03T13:23:07","guid":{"rendered":"https:\/\/www.marjanka.at\/nabidka\/klub-aktivit\/mutter-baby-turnen\/"},"modified":"2026-02-03T11:21:24","modified_gmt":"2026-02-03T10:21:24","slug":"cvicenie-pre-mamicky-s-babaetkami","status":"publish","type":"page","link":"https:\/\/www.marjanka.at\/sk\/nabidka\/klub-aktivit\/cvicenie-pre-mamicky-s-babaetkami\/","title":{"rendered":"Cvi\u010denie pre mami\u010dky s b\u00e1b\u00e4tkami"},"content":{"rendered":"","protected":false},"excerpt":{"rendered":"","protected":false},"author":3,"featured_media":0,"parent":6883,"menu_order":10,"comment_status":"closed","ping_status":"closed","template":"","meta":{"_acf_changed":false,"footnotes":""},"class_list":["post-24497","page","type-page","status-publish","hentry"],"acf":[],"_links":{"self":[{"href":"https:\/\/www.marjanka.at\/sk\/wp-json\/wp\/v2\/pages\/24497","targetHints":{"allow":["GET"]}}],"collection":[{"href":"https:\/\/www.marjanka.at\/sk\/wp-json\/wp\/v2\/pages"}],"about":[{"href":"https:\/\/www.marjanka.at\/sk\/wp-json\/wp\/v2\/types\/page"}],"author":[{"embeddable":true,"href":"https:\/\/www.marjanka.at\/sk\/wp-json\/wp\/v2\/users\/3"}],"replies":[{"embeddable":true,"href":"https:\/\/www.marjanka.at\/sk\/wp-json\/wp\/v2\/comments?post=24497"}],"version-history":[{"count":10,"href":"https:\/\/www.marjanka.at\/sk\/wp-json\/wp\/v2\/pages\/24497\/revisions"}],"predecessor-version":[{"id":30595,"href":"https:\/\/www.marjanka.at\/sk\/wp-json\/wp\/v2\/pages\/24497\/revisions\/30595"}],"up":[{"embeddable":true,"href":"https:\/\/www.marjanka.at\/sk\/wp-json\/wp\/v2\/pages\/6883"}],"wp:attachment":[{"href":"https:\/\/www.marjanka.at\/sk\/wp-json\/wp\/v2\/media?parent=24497"}],"curies":[{"name":"wp","href":"https:\/\/api.w.org\/{rel}","templated":true}]}}