{"id":6921,"date":"2022-02-17T16:02:25","date_gmt":"2022-02-17T15:02:25","guid":{"rendered":"https:\/\/www.marjanka.at\/angebote\/freizeitclub\/kurse-workshops\/brauchtum\/"},"modified":"2026-04-18T09:13:50","modified_gmt":"2026-04-18T07:13:50","slug":"tvorive-dilny","status":"publish","type":"page","link":"https:\/\/www.marjanka.at\/cs\/nabidka\/klub-aktivit\/tvorive-dilny\/","title":{"rendered":"Tvo\u0159iv\u00e9 d\u00edlny"},"content":{"rendered":"","protected":false},"excerpt":{"rendered":"","protected":false},"author":3,"featured_media":0,"parent":6880,"menu_order":10,"comment_status":"closed","ping_status":"closed","template":"","meta":{"_acf_changed":false,"footnotes":""},"class_list":["post-6921","page","type-page","status-publish","hentry"],"acf":[],"_links":{"self":[{"href":"https:\/\/www.marjanka.at\/cs\/wp-json\/wp\/v2\/pages\/6921","targetHints":{"allow":["GET"]}}],"collection":[{"href":"https:\/\/www.marjanka.at\/cs\/wp-json\/wp\/v2\/pages"}],"about":[{"href":"https:\/\/www.marjanka.at\/cs\/wp-json\/wp\/v2\/types\/page"}],"author":[{"embeddable":true,"href":"https:\/\/www.marjanka.at\/cs\/wp-json\/wp\/v2\/users\/3"}],"replies":[{"embeddable":true,"href":"https:\/\/www.marjanka.at\/cs\/wp-json\/wp\/v2\/comments?post=6921"}],"version-history":[{"count":11,"href":"https:\/\/www.marjanka.at\/cs\/wp-json\/wp\/v2\/pages\/6921\/revisions"}],"predecessor-version":[{"id":32247,"href":"https:\/\/www.marjanka.at\/cs\/wp-json\/wp\/v2\/pages\/6921\/revisions\/32247"}],"up":[{"embeddable":true,"href":"https:\/\/www.marjanka.at\/cs\/wp-json\/wp\/v2\/pages\/6880"}],"wp:attachment":[{"href":"https:\/\/www.marjanka.at\/cs\/wp-json\/wp\/v2\/media?parent=6921"}],"curies":[{"name":"wp","href":"https:\/\/api.w.org\/{rel}","templated":true}]}}