{"id":6889,"date":"2021-10-07T06:52:11","date_gmt":"2021-10-07T04:52:11","guid":{"rendered":"https:\/\/www.marjanka.at\/minderheit\/tschechen-und-slowaken-in-wien\/"},"modified":"2023-03-18T19:05:47","modified_gmt":"2023-03-18T18:05:47","slug":"cesi-a-slovaci","status":"publish","type":"page","link":"https:\/\/www.marjanka.at\/cs\/mensina\/cesi-a-slovaci\/","title":{"rendered":"\u010ce\u0161i a Slov\u00e1ci v Rakousku"},"content":{"rendered":"","protected":false},"excerpt":{"rendered":"","protected":false},"author":1,"featured_media":0,"parent":6784,"menu_order":530,"comment_status":"closed","ping_status":"closed","template":"","meta":{"_acf_changed":false,"footnotes":""},"class_list":["post-6889","page","type-page","status-publish","hentry"],"acf":[],"_links":{"self":[{"href":"https:\/\/www.marjanka.at\/cs\/wp-json\/wp\/v2\/pages\/6889","targetHints":{"allow":["GET"]}}],"collection":[{"href":"https:\/\/www.marjanka.at\/cs\/wp-json\/wp\/v2\/pages"}],"about":[{"href":"https:\/\/www.marjanka.at\/cs\/wp-json\/wp\/v2\/types\/page"}],"author":[{"embeddable":true,"href":"https:\/\/www.marjanka.at\/cs\/wp-json\/wp\/v2\/users\/1"}],"replies":[{"embeddable":true,"href":"https:\/\/www.marjanka.at\/cs\/wp-json\/wp\/v2\/comments?post=6889"}],"version-history":[{"count":11,"href":"https:\/\/www.marjanka.at\/cs\/wp-json\/wp\/v2\/pages\/6889\/revisions"}],"predecessor-version":[{"id":15307,"href":"https:\/\/www.marjanka.at\/cs\/wp-json\/wp\/v2\/pages\/6889\/revisions\/15307"}],"up":[{"embeddable":true,"href":"https:\/\/www.marjanka.at\/cs\/wp-json\/wp\/v2\/pages\/6784"}],"wp:attachment":[{"href":"https:\/\/www.marjanka.at\/cs\/wp-json\/wp\/v2\/media?parent=6889"}],"curies":[{"name":"wp","href":"https:\/\/api.w.org\/{rel}","templated":true}]}}