{"id":6789,"date":"2021-10-07T06:48:08","date_gmt":"2021-10-07T04:48:08","guid":{"rendered":"https:\/\/www.marjanka.at\/datenschutz\/"},"modified":"2025-11-04T09:06:16","modified_gmt":"2025-11-04T08:06:16","slug":"ochrana-osobnich-udaju","status":"publish","type":"page","link":"https:\/\/www.marjanka.at\/cs\/ochrana-osobnich-udaju\/","title":{"rendered":"Ochrana osobn\u00edch \u00fadaj\u016f"},"content":{"rendered":"","protected":false},"excerpt":{"rendered":"","protected":false},"author":1,"featured_media":0,"parent":0,"menu_order":980,"comment_status":"closed","ping_status":"closed","template":"","meta":{"_acf_changed":false,"footnotes":""},"class_list":["post-6789","page","type-page","status-publish","hentry"],"acf":[],"_links":{"self":[{"href":"https:\/\/www.marjanka.at\/cs\/wp-json\/wp\/v2\/pages\/6789","targetHints":{"allow":["GET"]}}],"collection":[{"href":"https:\/\/www.marjanka.at\/cs\/wp-json\/wp\/v2\/pages"}],"about":[{"href":"https:\/\/www.marjanka.at\/cs\/wp-json\/wp\/v2\/types\/page"}],"author":[{"embeddable":true,"href":"https:\/\/www.marjanka.at\/cs\/wp-json\/wp\/v2\/users\/1"}],"replies":[{"embeddable":true,"href":"https:\/\/www.marjanka.at\/cs\/wp-json\/wp\/v2\/comments?post=6789"}],"version-history":[{"count":4,"href":"https:\/\/www.marjanka.at\/cs\/wp-json\/wp\/v2\/pages\/6789\/revisions"}],"predecessor-version":[{"id":28877,"href":"https:\/\/www.marjanka.at\/cs\/wp-json\/wp\/v2\/pages\/6789\/revisions\/28877"}],"wp:attachment":[{"href":"https:\/\/www.marjanka.at\/cs\/wp-json\/wp\/v2\/media?parent=6789"}],"curies":[{"name":"wp","href":"https:\/\/api.w.org\/{rel}","templated":true}]}}